{"id":11,"date":"2025-05-09T14:40:20","date_gmt":"2025-05-09T12:40:20","guid":{"rendered":"https:\/\/bmtiefbau.com\/services\/"},"modified":"2025-05-26T17:25:13","modified_gmt":"2025-05-26T15:25:13","slug":"dienstleistungen","status":"publish","type":"page","link":"https:\/\/bmtiefbau.com\/sq\/dienstleistungen\/","title":{"rendered":"Sh\u00ebrbimet"},"content":{"rendered":"<div data-elementor-type=\"wp-page\" data-elementor-id=\"11\" class=\"elementor elementor-11\">\n\t\t\t\t<div class=\"elementor-element elementor-element-122e55f e-flex e-con-boxed e-con e-parent\" data-id=\"122e55f\" data-element_type=\"container\" data-settings=\"{&quot;background_background&quot;:&quot;classic&quot;}\">\n\t\t\t\t\t<div class=\"e-con-inner\">\n\t\t<div class=\"elementor-element elementor-element-d4f38d4 e-con-full e-flex e-con e-child\" data-id=\"d4f38d4\" data-element_type=\"container\">\n\t\t\t\t<div class=\"elementor-element elementor-element-63d7f54 elementor-widget elementor-widget-heading\" data-id=\"63d7f54\" data-element_type=\"widget\" data-widget_type=\"heading.default\">\n\t\t\t\t<div class=\"elementor-widget-container\">\n\t\t\t\t\t<h1 class=\"elementor-heading-title elementor-size-default\">Sh\u00ebrbimet<\/h1>\t\t\t\t<\/div>\n\t\t\t\t<\/div>\n\t\t\t\t<\/div>\n\t\t\t\t\t<\/div>\n\t\t\t\t<\/div>\n\t\t<div class=\"elementor-element elementor-element-1deb05b6 animated-slow e-flex e-con-boxed elementor-invisible e-con e-parent\" data-id=\"1deb05b6\" data-element_type=\"container\" data-settings=\"{&quot;background_background&quot;:&quot;classic&quot;,&quot;animation&quot;:&quot;slideInUp&quot;}\">\n\t\t\t\t\t<div class=\"e-con-inner\">\n\t\t<div class=\"elementor-element elementor-element-127a13d2 e-con-full e-flex e-con e-child\" data-id=\"127a13d2\" data-element_type=\"container\">\n\t\t<div class=\"elementor-element elementor-element-56b7d50a e-con-full e-flex e-con e-child\" data-id=\"56b7d50a\" data-element_type=\"container\">\n\t\t<div class=\"elementor-element elementor-element-690ebbad e-con-full e-flex e-con e-child\" data-id=\"690ebbad\" data-element_type=\"container\">\n\t\t\t\t<div class=\"elementor-element elementor-element-1090bd30 elementor-widget elementor-widget-heading\" data-id=\"1090bd30\" data-element_type=\"widget\" data-widget_type=\"heading.default\">\n\t\t\t\t<div class=\"elementor-widget-container\">\n\t\t\t\t\t<h4 class=\"elementor-heading-title elementor-size-default\">Gama jon\u00eb e sh\u00ebrbimeve \u2013 Teknike. I strukturuar. Efikas.<\/h4>\t\t\t\t<\/div>\n\t\t\t\t<\/div>\n\t\t\t\t<\/div>\n\t\t\t\t<\/div>\n\t\t<div class=\"elementor-element elementor-element-37528304 e-con-full e-flex e-con e-child\" data-id=\"37528304\" data-element_type=\"container\">\n\t\t<div class=\"elementor-element elementor-element-290fddb4 e-con-full e-flex e-con e-child\" data-id=\"290fddb4\" data-element_type=\"container\">\n\t\t\t\t<div class=\"elementor-element elementor-element-4c2ae516 elementor-position-top elementor-widget elementor-widget-image-box\" data-id=\"4c2ae516\" data-element_type=\"widget\" data-widget_type=\"image-box.default\">\n\t\t\t\t<div class=\"elementor-widget-container\">\n\t\t\t\t\t<div class=\"elementor-image-box-wrapper\"><figure class=\"elementor-image-box-img\"><img fetchpriority=\"high\" decoding=\"async\" width=\"450\" height=\"300\" src=\"https:\/\/bmtiefbau.com\/wp-content\/uploads\/2025\/05\/Strasenbau1.jpg\" class=\"attachment-full size-full wp-image-1082\" alt=\"\" \/><\/figure><div class=\"elementor-image-box-content\"><h3 class=\"elementor-image-box-title\">Tiefbau &amp; Leitungstiefbau<\/h3><p class=\"elementor-image-box-description\">- Hapja e kanaleve, punimet e dheut dhe punimet me boshte\n<br \/>\n- Verlegung von Strom-, Gas-, Wasser-, Telekom- &amp; Glasfaserleitungen\n<br \/>\n- Vendosja e tubave mbrojt\u00ebs dhe kalimeve t\u00eb linjave\n<br \/>\n- Restaurimi i sip\u00ebrfaqes n\u00eb asfalt, trotuar ose l\u00ebndin\u00eb\n<br \/>\n- Ekzekutim sipas VOB\/DIN<\/p><\/div><\/div>\t\t\t\t<\/div>\n\t\t\t\t<\/div>\n\t\t\t\t<\/div>\n\t\t<div class=\"elementor-element elementor-element-be9a644 e-con-full e-flex e-con e-child\" data-id=\"be9a644\" data-element_type=\"container\">\n\t\t\t\t<div class=\"elementor-element elementor-element-1c3953ff elementor-position-top elementor-widget elementor-widget-image-box\" data-id=\"1c3953ff\" data-element_type=\"widget\" data-widget_type=\"image-box.default\">\n\t\t\t\t<div class=\"elementor-widget-container\">\n\t\t\t\t\t<div class=\"elementor-image-box-wrapper\"><figure class=\"elementor-image-box-img\"><img decoding=\"async\" width=\"450\" height=\"338\" src=\"https:\/\/bmtiefbau.com\/wp-content\/uploads\/2025\/05\/Strasenbau-1.jpg\" class=\"attachment-full size-full wp-image-1080\" alt=\"\" \/><\/figure><div class=\"elementor-image-box-content\"><h3 class=\"elementor-image-box-title\">Nd\u00ebrtimi i rrug\u00ebve<\/h3><p class=\"elementor-image-box-description\">- Shtresa baz\u00eb, mbrojtje nga ngricat, n\u00ebnshtres\u00eb\n<br \/>\n- Asphaltieren von Gehwegen, Einfahrten &amp; Stichstra\u00dfen\n<br \/>\n- Nd\u00ebrtim bordurash dhe ulluk\u00ebsh, kufij skajesh\n<br \/>\n- Verkehrswege nach RSA 21 &amp; ZTV-SA<\/p><\/div><\/div>\t\t\t\t<\/div>\n\t\t\t\t<\/div>\n\t\t\t\t<\/div>\n\t\t\t\t<\/div>\n\t\t<div class=\"elementor-element elementor-element-33c2631d e-con-full e-flex e-con e-child\" data-id=\"33c2631d\" data-element_type=\"container\">\n\t\t<div class=\"elementor-element elementor-element-b32b167 e-con-full e-flex e-con e-child\" data-id=\"b32b167\" data-element_type=\"container\">\n\t\t\t\t<div class=\"elementor-element elementor-element-27a18af3 elementor-position-top elementor-widget elementor-widget-image-box\" data-id=\"27a18af3\" data-element_type=\"widget\" data-widget_type=\"image-box.default\">\n\t\t\t\t<div class=\"elementor-widget-container\">\n\t\t\t\t\t<div class=\"elementor-image-box-wrapper\"><figure class=\"elementor-image-box-img\"><img decoding=\"async\" width=\"450\" height=\"300\" src=\"https:\/\/bmtiefbau.com\/wp-content\/uploads\/2025\/05\/PTF_7601_2.jpg\" class=\"attachment-full size-full wp-image-1083\" alt=\"\" \/><\/figure><div class=\"elementor-image-box-content\"><h3 class=\"elementor-image-box-title\">Hausanschl\u00fcsse &amp; Netzverteilung<\/h3><p class=\"elementor-image-box-description\">- Eksplorim dhe planifikim itinerari\n<br \/>\n- Instalimi i lidhjeve FTTH\/FTTC n\u00eb sht\u00ebpi, duke p\u00ebrfshir\u00eb shpimin e b\u00ebrtham\u00ebs\n<br \/>\n- Hyrje n\u00eb sht\u00ebpi, izolim, tub mbrojt\u00ebs, nd\u00ebrtim sip\u00ebrfaq\u00ebsor\n<br \/>\n- Dor\u00ebzimi te operatori i rrjetit duke p\u00ebrfshir\u00eb dokumentacionin me foto<\/p><\/div><\/div>\t\t\t\t<\/div>\n\t\t\t\t<\/div>\n\t\t\t\t<\/div>\n\t\t<div class=\"elementor-element elementor-element-2800b6d5 e-con-full e-flex e-con e-child\" data-id=\"2800b6d5\" data-element_type=\"container\">\n\t\t\t\t<div class=\"elementor-element elementor-element-206d97f7 elementor-position-top elementor-widget elementor-widget-image-box\" data-id=\"206d97f7\" data-element_type=\"widget\" data-widget_type=\"image-box.default\">\n\t\t\t\t<div class=\"elementor-widget-container\">\n\t\t\t\t\t<div class=\"elementor-image-box-wrapper\"><figure class=\"elementor-image-box-img\"><img loading=\"lazy\" decoding=\"async\" width=\"450\" height=\"299\" src=\"https:\/\/bmtiefbau.com\/wp-content\/uploads\/2025\/05\/Pflaster-Ausenanlagen-1.jpg\" class=\"attachment-full size-full wp-image-1079\" alt=\"\" \/><\/figure><div class=\"elementor-image-box-content\"><h3 class=\"elementor-image-box-title\">Pflaster- &amp; Au\u00dfenanlagen<\/h3><p class=\"elementor-image-box-description\">- Hyrjet e oborrit, trotuaret, tarracat, hyrjet e makinave\n<br \/>\n- Shtrimi duke p\u00ebrfshir\u00eb kullimin dhe bordur\u00ebn\n<br \/>\n- Restaurimi i kombinuar i sip\u00ebrfaqes pas nd\u00ebrtimit t\u00eb tubacionit n\u00ebntok\u00ebsor<\/p><\/div><\/div>\t\t\t\t<\/div>\n\t\t\t\t<\/div>\n\t\t\t\t<\/div>\n\t\t\t\t<\/div>\n\t\t<div class=\"elementor-element elementor-element-3a83fc9 e-con-full e-flex e-con e-child\" data-id=\"3a83fc9\" data-element_type=\"container\">\n\t\t<div class=\"elementor-element elementor-element-77f0cb1f e-con-full e-flex e-con e-child\" data-id=\"77f0cb1f\" data-element_type=\"container\">\n\t\t\t\t<div class=\"elementor-element elementor-element-29ecc8af elementor-position-top elementor-widget elementor-widget-image-box\" data-id=\"29ecc8af\" data-element_type=\"widget\" data-widget_type=\"image-box.default\">\n\t\t\t\t<div class=\"elementor-widget-container\">\n\t\t\t\t\t<div class=\"elementor-image-box-wrapper\"><figure class=\"elementor-image-box-img\"><img loading=\"lazy\" decoding=\"async\" width=\"380\" height=\"250\" src=\"https:\/\/bmtiefbau.com\/wp-content\/uploads\/2021\/11\/service-3.jpg\" class=\"attachment-full size-full wp-image-90\" alt=\"\" \/><\/figure><div class=\"elementor-image-box-content\"><h3 class=\"elementor-image-box-title\">Planung, Aufma\u00df &amp; Sicherheitskoordination<\/h3><p class=\"elementor-image-box-description\">- Konceptet e instalimit sipas standardeve t\u00eb operatorit t\u00eb rrjetit\n<br \/>\n- VOB-gerechtes Aufma\u00df &amp; Massenermittlung\n<br \/>\n- RAB 30 Pjesa B: Koordinimi i siguris\u00eb dhe mbrojtjes s\u00eb sh\u00ebndetit\n<br \/>\n- Pjesa C n\u00eb p\u00ebrgatitje (Vera 2025)<\/p><\/div><\/div>\t\t\t\t<\/div>\n\t\t\t\t<\/div>\n\t\t\t\t<\/div>\n\t\t\t\t<\/div>\n\t\t\t\t<\/div>\n\t\t\t\t\t<\/div>\n\t\t\t\t<\/div>\n\t\t\t\t<\/div>","protected":false},"excerpt":{"rendered":"<p>Leistungen Unser Leistungsspektrum \u2013 Technisch. Strukturiert. Effizient. Tiefbau &#038; Leitungstiefbau &#8211; Graben-, Erd- und Schachtarbeiten &#8211; Verlegung von Strom-, Gas-, Wasser-, Telekom- &#038; Glasfaserleitungen &#8211; Schutzrohrverlegung und Leitungsquerungen &#8211; Oberfl\u00e4chenwiederherstellung in Asphalt, Pflaster oder Rasen &#8211; Ausf\u00fchrung nach VOB\/DIN Stra\u00dfenbau &#8211; Tragschichten, Frostschutz, Planum &#8211; Asphaltieren von Gehwegen, Einfahrten &#038; Stichstra\u00dfen &#8211; Bord- und Rinnenbau, [&hellip;]<\/p>","protected":false},"author":1,"featured_media":0,"parent":0,"menu_order":0,"comment_status":"closed","ping_status":"closed","template":"","meta":{"site-sidebar-layout":"no-sidebar","site-content-layout":"page-builder","ast-site-content-layout":"","site-content-style":"default","site-sidebar-style":"default","ast-global-header-display":"","ast-banner-title-visibility":"","ast-main-header-display":"","ast-hfb-above-header-display":"","ast-hfb-below-header-display":"","ast-hfb-mobile-header-display":"","site-post-title":"disabled","ast-breadcrumbs-content":"disabled","ast-featured-img":"disabled","footer-sml-layout":"","theme-transparent-header-meta":"enabled","adv-header-id-meta":"","stick-header-meta":"","header-above-stick-meta":"","header-main-stick-meta":"","header-below-stick-meta":"","astra-migrate-meta-layouts":"default","ast-page-background-enabled":"default","ast-page-background-meta":{"desktop":{"background-color":"var(--ast-global-color-4)","background-image":"","background-repeat":"repeat","background-position":"center center","background-size":"auto","background-attachment":"scroll","background-type":"","background-media":"","overlay-type":"","overlay-color":"","overlay-opacity":"","overlay-gradient":""},"tablet":{"background-color":"","background-image":"","background-repeat":"repeat","background-position":"center center","background-size":"auto","background-attachment":"scroll","background-type":"","background-media":"","overlay-type":"","overlay-color":"","overlay-opacity":"","overlay-gradient":""},"mobile":{"background-color":"","background-image":"","background-repeat":"repeat","background-position":"center center","background-size":"auto","background-attachment":"scroll","background-type":"","background-media":"","overlay-type":"","overlay-color":"","overlay-opacity":"","overlay-gradient":""}},"ast-content-background-meta":{"desktop":{"background-color":"var(--ast-global-color-5)","background-image":"","background-repeat":"repeat","background-position":"center center","background-size":"auto","background-attachment":"scroll","background-type":"","background-media":"","overlay-type":"","overlay-color":"","overlay-opacity":"","overlay-gradient":""},"tablet":{"background-color":"var(--ast-global-color-5)","background-image":"","background-repeat":"repeat","background-position":"center center","background-size":"auto","background-attachment":"scroll","background-type":"","background-media":"","overlay-type":"","overlay-color":"","overlay-opacity":"","overlay-gradient":""},"mobile":{"background-color":"var(--ast-global-color-5)","background-image":"","background-repeat":"repeat","background-position":"center center","background-size":"auto","background-attachment":"scroll","background-type":"","background-media":"","overlay-type":"","overlay-color":"","overlay-opacity":"","overlay-gradient":""}},"footnotes":""},"class_list":["post-11","page","type-page","status-publish","hentry"],"_links":{"self":[{"href":"https:\/\/bmtiefbau.com\/sq\/wp-json\/wp\/v2\/pages\/11","targetHints":{"allow":["GET"]}}],"collection":[{"href":"https:\/\/bmtiefbau.com\/sq\/wp-json\/wp\/v2\/pages"}],"about":[{"href":"https:\/\/bmtiefbau.com\/sq\/wp-json\/wp\/v2\/types\/page"}],"author":[{"embeddable":true,"href":"https:\/\/bmtiefbau.com\/sq\/wp-json\/wp\/v2\/users\/1"}],"replies":[{"embeddable":true,"href":"https:\/\/bmtiefbau.com\/sq\/wp-json\/wp\/v2\/comments?post=11"}],"version-history":[{"count":45,"href":"https:\/\/bmtiefbau.com\/sq\/wp-json\/wp\/v2\/pages\/11\/revisions"}],"predecessor-version":[{"id":1323,"href":"https:\/\/bmtiefbau.com\/sq\/wp-json\/wp\/v2\/pages\/11\/revisions\/1323"}],"wp:attachment":[{"href":"https:\/\/bmtiefbau.com\/sq\/wp-json\/wp\/v2\/media?parent=11"}],"curies":[{"name":"wp","href":"https:\/\/api.w.org\/{rel}","templated":true}]}}