{"id":309,"date":"2025-05-09T14:40:20","date_gmt":"2025-05-09T12:40:20","guid":{"rendered":"https:\/\/bmtiefbau.com\/about\/"},"modified":"2025-05-26T17:24:46","modified_gmt":"2025-05-26T15:24:46","slug":"uber-uns","status":"publish","type":"page","link":"https:\/\/bmtiefbau.com\/sq\/uber-uns\/","title":{"rendered":"Rreth Nesh"},"content":{"rendered":"<div data-elementor-type=\"wp-page\" data-elementor-id=\"309\" class=\"elementor elementor-309\">\n\t\t\t\t<div class=\"elementor-element elementor-element-19b8c8c e-flex e-con-boxed e-con e-parent\" data-id=\"19b8c8c\" data-element_type=\"container\" data-settings=\"{&quot;background_background&quot;:&quot;classic&quot;}\">\n\t\t\t\t\t<div class=\"e-con-inner\">\n\t\t<div class=\"elementor-element elementor-element-372848a e-con-full e-flex e-con e-child\" data-id=\"372848a\" data-element_type=\"container\">\n\t\t\t\t<div class=\"elementor-element elementor-element-0ccf104 elementor-widget elementor-widget-heading\" data-id=\"0ccf104\" data-element_type=\"widget\" data-widget_type=\"heading.default\">\n\t\t\t\t<div class=\"elementor-widget-container\">\n\t\t\t\t\t<h1 class=\"elementor-heading-title elementor-size-default\">Rreth Nesh<\/h1>\t\t\t\t<\/div>\n\t\t\t\t<\/div>\n\t\t\t\t<\/div>\n\t\t\t\t\t<\/div>\n\t\t\t\t<\/div>\n\t\t<div class=\"elementor-element elementor-element-8338255 animated-slow e-flex e-con-boxed elementor-invisible e-con e-parent\" data-id=\"8338255\" data-element_type=\"container\" data-settings=\"{&quot;background_background&quot;:&quot;classic&quot;,&quot;animation&quot;:&quot;slideInUp&quot;}\">\n\t\t\t\t\t<div class=\"e-con-inner\">\n\t\t<div class=\"elementor-element elementor-element-87eb59b e-con-full e-flex e-con e-child\" data-id=\"87eb59b\" data-element_type=\"container\">\n\t\t\t\t<div class=\"elementor-element elementor-element-012d882 elementor-widget elementor-widget-heading\" data-id=\"012d882\" data-element_type=\"widget\" data-widget_type=\"heading.default\">\n\t\t\t\t<div class=\"elementor-widget-container\">\n\t\t\t\t\t<h2 class=\"elementor-heading-title elementor-size-default\">Dy v\u00ebllez\u00ebr. Nj\u00eb udh\u00ebtim me makin\u00eb. Kompetenc\u00eb e plot\u00eb.<\/h2>\t\t\t\t<\/div>\n\t\t\t\t<\/div>\n\t\t\t\t<div class=\"elementor-element elementor-element-35ebd54 elementor-widget elementor-widget-text-editor\" data-id=\"35ebd54\" data-element_type=\"widget\" data-widget_type=\"text-editor.default\">\n\t\t\t\t<div class=\"elementor-widget-container\">\n\t\t\t\t\t\t\t\t\t<p><br \/>BM TiefBau UG \u00ebsht\u00eb nj\u00eb kompani e re, familjare me thell\u00ebsi teknike dhe forc\u00eb sip\u00ebrmarr\u00ebse. E themeluar nga Behar Mehmeti, nj\u00eb inxhinier civil me shum\u00eb vite p\u00ebrvoj\u00eb n\u00eb inxhinierin\u00eb civile dhe nj\u00eb sfond tregtar, kompania kombinon ekspertiz\u00ebn praktike n\u00eb kantieret e nd\u00ebrtimit me organizim t\u00eb sh\u00ebndosh\u00eb, menaxhim projektesh dhe dokumentacion.<\/p>\t\t\t\t\t\t\t\t<\/div>\n\t\t\t\t<\/div>\n\t\t\t\t<div class=\"elementor-element elementor-element-74abf08 elementor-widget elementor-widget-text-editor\" data-id=\"74abf08\" data-element_type=\"widget\" data-widget_type=\"text-editor.default\">\n\t\t\t\t<div class=\"elementor-widget-container\">\n\t\t\t\t\t\t\t\t\t<p>P\u00ebrpara se t\u00eb b\u00ebhej i vet\u00ebpun\u00ebsuar, Behar punoi si menaxher nd\u00ebrtimi p\u00ebr nj\u00eb kontraktor t\u00eb p\u00ebrgjithsh\u00ebm dhe ishte p\u00ebrgjegj\u00ebs p\u00ebr projekte komplekse t\u00eb inxhinieris\u00eb civile dhe infrastruktur\u00ebs me deri n\u00eb 7 ekipe nj\u00ebkoh\u00ebsisht - duke p\u00ebrfshir\u00eb nd\u00ebrtimin e lidhjes s\u00eb sht\u00ebpive, restaurimin e sip\u00ebrfaqes, komunikimin me autoritetet dhe aplikimet VAO.<\/p>\t\t\t\t\t\t\t\t<\/div>\n\t\t\t\t<\/div>\n\t\t\t\t<div class=\"elementor-element elementor-element-66d6383 elementor-widget elementor-widget-text-editor\" data-id=\"66d6383\" data-element_type=\"widget\" data-widget_type=\"text-editor.default\">\n\t\t\t\t<div class=\"elementor-widget-container\">\n\t\t\t\t\t\t\t\t\t<p>Si menaxher projekti, Driton Mehmeti \u00ebsht\u00eb shtylla kurrizore organizative e kompanis\u00eb. Me aft\u00ebsi t\u00eb forta udh\u00ebheq\u00ebse, nj\u00eb sy t\u00eb trajnuar p\u00ebr proceset dhe nj\u00eb p\u00ebrgatitje t\u00eb fort\u00eb ligjore, ai ofron struktur\u00eb - nga planifikimi operativ deri te zbatimi i sh\u00ebndosh\u00eb kontraktual. Ai gjithashtu drejton dhe koordinon n\u00ebnkontraktor\u00ebt me qart\u00ebsi dhe autoritet \u2013 p\u00ebr procese t\u00eb qeta n\u00eb \u00e7do kantier nd\u00ebrtimi.<\/p>\t\t\t\t\t\t\t\t<\/div>\n\t\t\t\t<\/div>\n\t\t\t\t<div class=\"elementor-element elementor-element-31dbb78 elementor-widget elementor-widget-text-editor\" data-id=\"31dbb78\" data-element_type=\"widget\" data-widget_type=\"text-editor.default\">\n\t\t\t\t<div class=\"elementor-widget-container\">\n\t\t\t\t\t\t\t\t\t<div>Gjuh\u00ebt:<\/div><div>\u2022 Gjermanisht (fol\u00ebs amtar)<\/div><div>\u2022 Shqip (gjuh\u00eb amtare)<\/div><div>\u2022 Anglisht (njohuri t\u00eb mira)<\/div>\t\t\t\t\t\t\t\t<\/div>\n\t\t\t\t<\/div>\n\t\t\t\t<div class=\"elementor-element elementor-element-d455eb2 elementor-align-center elementor-widget elementor-widget-button\" data-id=\"d455eb2\" data-element_type=\"widget\" data-widget_type=\"button.default\">\n\t\t\t\t<div class=\"elementor-widget-container\">\n\t\t\t\t\t\t\t\t\t<div class=\"elementor-button-wrapper\">\n\t\t\t\t\t<a class=\"elementor-button elementor-button-link elementor-size-sm\" href=\"https:\/\/bmtiefbau.com\/sq\/dienstleistungen\/\">\n\t\t\t\t\t\t<span class=\"elementor-button-content-wrapper\">\n\t\t\t\t\t\t\t\t\t<span class=\"elementor-button-text\">Sh\u00ebrbimet tona<\/span>\n\t\t\t\t\t<\/span>\n\t\t\t\t\t<\/a>\n\t\t\t\t<\/div>\n\t\t\t\t\t\t\t\t<\/div>\n\t\t\t\t<\/div>\n\t\t\t\t<\/div>\n\t\t\t\t\t<\/div>\n\t\t\t\t<\/div>\n\t\t<div class=\"elementor-element elementor-element-4d4bdd5 e-flex e-con-boxed e-con e-parent\" data-id=\"4d4bdd5\" data-element_type=\"container\" data-settings=\"{&quot;background_background&quot;:&quot;classic&quot;}\">\n\t\t\t\t\t<div class=\"e-con-inner\">\n\t\t<div class=\"elementor-element elementor-element-3ce4e29 e-con-full animated-slow e-flex elementor-invisible e-con e-child\" data-id=\"3ce4e29\" data-element_type=\"container\" data-settings=\"{&quot;animation&quot;:&quot;slideInRight&quot;}\">\n\t\t\t\t<div class=\"elementor-element elementor-element-53d676f elementor-view-stacked elementor-position-left elementor-shape-circle elementor-mobile-position-top elementor-widget elementor-widget-icon-box\" data-id=\"53d676f\" data-element_type=\"widget\" data-widget_type=\"icon-box.default\">\n\t\t\t\t<div class=\"elementor-widget-container\">\n\t\t\t\t\t\t\t<div class=\"elementor-icon-box-wrapper\">\n\n\t\t\t\t\t\t<div class=\"elementor-icon-box-icon\">\n\t\t\t\t<span  class=\"elementor-icon\">\n\t\t\t\t<svg aria-hidden=\"true\" class=\"e-font-icon-svg e-fas-project-diagram\" viewbox=\"0 0 640 512\" xmlns=\"http:\/\/www.w3.org\/2000\/svg\"><path d=\"M384 320H256c-17.67 0-32 14.33-32 32v128c0 17.67 14.33 32 32 32h128c17.67 0 32-14.33 32-32V352c0-17.67-14.33-32-32-32zM192 32c0-17.67-14.33-32-32-32H32C14.33 0 0 14.33 0 32v128c0 17.67 14.33 32 32 32h95.72l73.16 128.04C211.98 300.98 232.4 288 256 288h.28L192 175.51V128h224V64H192V32zM608 0H480c-17.67 0-32 14.33-32 32v128c0 17.67 14.33 32 32 32h128c17.67 0 32-14.33 32-32V32c0-17.67-14.33-32-32-32z\"><\/path><\/svg>\t\t\t\t<\/span>\n\t\t\t<\/div>\n\t\t\t\n\t\t\t\t\t\t<div class=\"elementor-icon-box-content\">\n\n\t\t\t\t\t\t\t\t\t<h2 class=\"elementor-icon-box-title\">\n\t\t\t\t\t\t<span  >\n\t\t\t\t\t\t\t+5\t\t\t\t\t\t<\/span>\n\t\t\t\t\t<\/h2>\n\t\t\t\t\n\t\t\t\t\t\t\t\t\t<p class=\"elementor-icon-box-description\">\n\t\t\t\t\t\tProjekte t\u00eb suksesshme\t\t\t\t\t<\/p>\n\t\t\t\t\n\t\t\t<\/div>\n\t\t\t\n\t\t<\/div>\n\t\t\t\t\t\t<\/div>\n\t\t\t\t<\/div>\n\t\t\t\t<\/div>\n\t\t<div class=\"elementor-element elementor-element-a6064b4 e-con-full animated-slow e-flex elementor-invisible e-con e-child\" data-id=\"a6064b4\" data-element_type=\"container\" data-settings=\"{&quot;animation&quot;:&quot;slideInRight&quot;}\">\n\t\t\t\t<div class=\"elementor-element elementor-element-326ef78 elementor-view-stacked elementor-position-left elementor-shape-circle elementor-mobile-position-top elementor-widget elementor-widget-icon-box\" data-id=\"326ef78\" data-element_type=\"widget\" data-widget_type=\"icon-box.default\">\n\t\t\t\t<div class=\"elementor-widget-container\">\n\t\t\t\t\t\t\t<div class=\"elementor-icon-box-wrapper\">\n\n\t\t\t\t\t\t<div class=\"elementor-icon-box-icon\">\n\t\t\t\t<span  class=\"elementor-icon\">\n\t\t\t\t<svg aria-hidden=\"true\" class=\"e-font-icon-svg e-fas-award\" viewbox=\"0 0 384 512\" xmlns=\"http:\/\/www.w3.org\/2000\/svg\"><path d=\"M97.12 362.63c-8.69-8.69-4.16-6.24-25.12-11.85-9.51-2.55-17.87-7.45-25.43-13.32L1.2 448.7c-4.39 10.77 3.81 22.47 15.43 22.03l52.69-2.01L105.56 507c8 8.44 22.04 5.81 26.43-4.96l52.05-127.62c-10.84 6.04-22.87 9.58-35.31 9.58-19.5 0-37.82-7.59-51.61-21.37zM382.8 448.7l-45.37-111.24c-7.56 5.88-15.92 10.77-25.43 13.32-21.07 5.64-16.45 3.18-25.12 11.85-13.79 13.78-32.12 21.37-51.62 21.37-12.44 0-24.47-3.55-35.31-9.58L252 502.04c4.39 10.77 18.44 13.4 26.43 4.96l36.25-38.28 52.69 2.01c11.62.44 19.82-11.27 15.43-22.03zM263 340c15.28-15.55 17.03-14.21 38.79-20.14 13.89-3.79 24.75-14.84 28.47-28.98 7.48-28.4 5.54-24.97 25.95-45.75 10.17-10.35 14.14-25.44 10.42-39.58-7.47-28.38-7.48-24.42 0-52.83 3.72-14.14-.25-29.23-10.42-39.58-20.41-20.78-18.47-17.36-25.95-45.75-3.72-14.14-14.58-25.19-28.47-28.98-27.88-7.61-24.52-5.62-44.95-26.41-10.17-10.35-25-14.4-38.89-10.61-27.87 7.6-23.98 7.61-51.9 0-13.89-3.79-28.72.25-38.89 10.61-20.41 20.78-17.05 18.8-44.94 26.41-13.89 3.79-24.75 14.84-28.47 28.98-7.47 28.39-5.54 24.97-25.95 45.75-10.17 10.35-14.15 25.44-10.42 39.58 7.47 28.36 7.48 24.4 0 52.82-3.72 14.14.25 29.23 10.42 39.59 20.41 20.78 18.47 17.35 25.95 45.75 3.72 14.14 14.58 25.19 28.47 28.98C104.6 325.96 106.27 325 121 340c13.23 13.47 33.84 15.88 49.74 5.82a39.676 39.676 0 0 1 42.53 0c15.89 10.06 36.5 7.65 49.73-5.82zM97.66 175.96c0-53.03 42.24-96.02 94.34-96.02s94.34 42.99 94.34 96.02-42.24 96.02-94.34 96.02-94.34-42.99-94.34-96.02z\"><\/path><\/svg>\t\t\t\t<\/span>\n\t\t\t<\/div>\n\t\t\t\n\t\t\t\t\t\t<div class=\"elementor-icon-box-content\">\n\n\t\t\t\t\t\t\t\t\t<h2 class=\"elementor-icon-box-title\">\n\t\t\t\t\t\t<span  >\n\t\t\t\t\t\t\t+4\t\t\t\t\t\t<\/span>\n\t\t\t\t\t<\/h2>\n\t\t\t\t\n\t\t\t\t\t\t\t\t\t<p class=\"elementor-icon-box-description\">\n\t\t\t\t\t\tVite p\u00ebrvoje\t\t\t\t\t<\/p>\n\t\t\t\t\n\t\t\t<\/div>\n\t\t\t\n\t\t<\/div>\n\t\t\t\t\t\t<\/div>\n\t\t\t\t<\/div>\n\t\t\t\t<\/div>\n\t\t\t\t\t<\/div>\n\t\t\t\t<\/div>\n\t\t<div class=\"elementor-element elementor-element-9ee6df7 e-con-full e-flex e-con e-parent\" data-id=\"9ee6df7\" data-element_type=\"container\" data-settings=\"{&quot;background_background&quot;:&quot;classic&quot;}\">\n\t\t<div class=\"elementor-element elementor-element-2434604e e-con-full e-flex e-con e-child\" data-id=\"2434604e\" data-element_type=\"container\" data-settings=\"{&quot;background_background&quot;:&quot;classic&quot;}\">\n\t\t\t\t<div class=\"elementor-element elementor-element-50829d70 elementor-widget elementor-widget-heading\" data-id=\"50829d70\" data-element_type=\"widget\" data-widget_type=\"heading.default\">\n\t\t\t\t<div class=\"elementor-widget-container\">\n\t\t\t\t\t<h2 class=\"elementor-heading-title elementor-size-default\">B\u00ebhu pjes\u00eb e BM TiefBau.<\/h2>\t\t\t\t<\/div>\n\t\t\t\t<\/div>\n\t\t\t\t<div class=\"elementor-element elementor-element-60a7b404 elementor-widget elementor-widget-text-editor\" data-id=\"60a7b404\" data-element_type=\"widget\" data-widget_type=\"text-editor.default\">\n\t\t\t\t<div class=\"elementor-widget-container\">\n\t\t\t\t\t\t\t\t\t<p><strong>Ne po k\u00ebrkojm\u00eb njer\u00ebz q\u00eb veprojn\u00eb, jo ndjek\u00ebs.<\/strong><br \/><strong>Qoft\u00eb n\u00eb kantierin e nd\u00ebrtimit, n\u00eb planifikim apo n\u00eb organizat\u00eb - ajo q\u00eb ka r\u00ebnd\u00ebsi p\u00ebr ne \u00ebsht\u00eb p\u00ebrkushtimi, besueshm\u00ebria dhe fryma e ekipit.<\/strong><br \/><strong>A doni t\u00eb p\u00ebrfshiheni, t\u00eb mendoni s\u00eb bashku dhe t\u00eb zhvilloheni me ne? At\u00ebher\u00eb keni ardhur n\u00eb vendin e duhur.<\/strong><\/p><p><strong>Aplikoni tani - ne k\u00ebrkojm\u00eb njer\u00ebz t\u00eb fort\u00eb me q\u00ebndrim.<\/strong><br \/><strong>Email:\u00a0 \u00a0kontakt@bmtiefbau.com<\/strong><br \/><strong>Tel:\u00a0\u00a0 \u00a0 \u00a0 0571\/38860923<\/strong><br \/><strong>ose p\u00ebrmes formularit m\u00eb posht\u00eb.<\/strong><\/p>\t\t\t\t\t\t\t\t<\/div>\n\t\t\t\t<\/div>\n\t\t\t\t<div class=\"elementor-element elementor-element-46e28e1c elementor-widget__width-initial animated-slow elementor-invisible elementor-widget elementor-widget-wpforms\" data-id=\"46e28e1c\" data-element_type=\"widget\" data-settings=\"{&quot;_animation&quot;:&quot;fadeIn&quot;}\" data-widget_type=\"wpforms.default\">\n\t\t\t\t<div class=\"elementor-widget-container\">\n\t\t\t\t\t<div class=\"wpforms-container\" id=\"wpforms-1290\"><form id=\"wpforms-form-1290\" class=\"wpforms-validate wpforms-form wpforms-ajax-form\" data-formid=\"1290\" method=\"post\" enctype=\"multipart\/form-data\" action=\"\/sq\/wp-json\/wp\/v2\/pages\/309\" data-token=\"cca116aadf2e1c76dcf732525b4b4cc5\" data-token-time=\"1776607898\" data-trp-original-action=\"\/sq\/wp-json\/wp\/v2\/pages\/309\"><noscript class=\"wpforms-error-noscript\">Please enable JavaScript in your browser to complete this form.<\/noscript><div class=\"wpforms-field-container\"><div id=\"wpforms-1290-field_1-container\" class=\"wpforms-field wpforms-field-name\" data-field-id=\"1\"><label class=\"wpforms-field-label\" for=\"wpforms-1290-field_1\">Emri dhe Mbiemri <span class=\"wpforms-required-label\">*<\/span><\/label><input type=\"text\" id=\"wpforms-1290-field_1\" class=\"wpforms-field-medium wpforms-field-required\" name=\"wpforms[fields][1]\" required><\/div><div id=\"wpforms-1290-field_4-container\" class=\"wpforms-field wpforms-field-text\" data-field-id=\"4\"><label class=\"wpforms-field-label\" for=\"wpforms-1290-field_4\">Numri i telefonit <span class=\"wpforms-required-label\">*<\/span><\/label><input type=\"text\" id=\"wpforms-1290-field_4\" class=\"wpforms-field-medium wpforms-field-required\" name=\"wpforms[fields][4]\" required><\/div><div id=\"wpforms-1290-field_5-container\" class=\"wpforms-field wpforms-field-number-slider\" data-field-id=\"5\"><label class=\"wpforms-field-label\" for=\"wpforms-1290-field_5\">Mosha<\/label>\n<input\n\ttype=\"range\"\n\tid=\"wpforms-1290-field_5\" class=\"wpforms-field-medium\" name=\"wpforms[fields][5]\" value=\"16\"\t\tmin=\"10\"\n\tmax=\"65\"\n\tstep=\"1\">\n\n<div class=\"wpforms-field-number-slider-hint\"\n\tdata-hint=\"Ausgew\u00e4hlter Wert: {value}\">\n\tVlera e zgjedhur: <b>16<\/b><\/div>\n<\/div><div id=\"wpforms-1290-field_2-container\" class=\"wpforms-field wpforms-field-email\" data-field-id=\"2\"><label class=\"wpforms-field-label\" for=\"wpforms-1290-field_2\">E-Mail <span class=\"wpforms-required-label\">*<\/span><\/label><input type=\"email\" id=\"wpforms-1290-field_2\" class=\"wpforms-field-medium wpforms-field-required\" name=\"wpforms[fields][2]\" spellcheck=\"false\" required><\/div><div id=\"wpforms-1290-field_6-container\" class=\"wpforms-field wpforms-field-text\" data-field-id=\"6\"><label class=\"wpforms-field-label\" for=\"wpforms-1290-field_6\">Adresa<\/label><input type=\"text\" id=\"wpforms-1290-field_6\" class=\"wpforms-field-medium\" name=\"wpforms[fields][6]\" ><\/div><div id=\"wpforms-1290-field_3-container\" class=\"wpforms-field wpforms-field-textarea\" data-field-id=\"3\"><label class=\"wpforms-field-label\" for=\"wpforms-1290-field_3\">P\u00ebrshkruani veten dhe aft\u00ebsit\u00eb tuaja profesionale. <span class=\"wpforms-required-label\">*<\/span><\/label><textarea id=\"wpforms-1290-field_3\" class=\"wpforms-field-medium wpforms-field-required\" name=\"wpforms[fields][3]\" required><\/textarea><\/div><\/div><!-- .wpforms-field-container --><div class=\"wpforms-submit-container\" ><input type=\"hidden\" name=\"wpforms[id]\" value=\"1290\"><input type=\"hidden\" name=\"page_title\" value=\"\"><input type=\"hidden\" name=\"page_url\" value=\"https:\/\/bmtiefbau.com\/sq\/wp-json\/wp\/v2\/pages\/309\"><input type=\"hidden\" name=\"url_referer\" value=\"\"><button type=\"submit\" name=\"wpforms[submit]\" id=\"wpforms-submit-1290\" class=\"wpforms-submit\" data-alt-text=\"Senden...\" data-submit-text=\"Einreichen\" aria-live=\"assertive\" value=\"wpforms-submit\">D\u00ebrgo<\/button><img decoding=\"async\" src=\"https:\/\/bmtiefbau.com\/wp-content\/plugins\/wpforms-lite\/assets\/images\/submit-spin.svg\" class=\"wpforms-submit-spinner\" style=\"display: none;\" width=\"26\" height=\"26\" alt=\"Loading\"><\/div><input type=\"hidden\" name=\"trp-form-language\" value=\"sq\"\/><\/form><\/div>  <!-- .wpforms-container -->\t\t\t\t<\/div>\n\t\t\t\t<\/div>\n\t\t\t\t<\/div>\n\t\t\t\t<\/div>\n\t\t<div class=\"elementor-element elementor-element-f9744cf animated-slow e-flex e-con-boxed elementor-invisible e-con e-parent\" data-id=\"f9744cf\" data-element_type=\"container\" data-settings=\"{&quot;background_background&quot;:&quot;classic&quot;,&quot;animation&quot;:&quot;slideInUp&quot;}\">\n\t\t\t\t\t<div class=\"e-con-inner\">\n\t\t<div class=\"elementor-element elementor-element-91f6103 e-con-full e-flex e-con e-child\" data-id=\"91f6103\" data-element_type=\"container\">\n\t\t\t\t<div class=\"elementor-element elementor-element-a6a3419 elementor-widget elementor-widget-heading\" data-id=\"a6a3419\" data-element_type=\"widget\" data-widget_type=\"heading.default\">\n\t\t\t\t<div class=\"elementor-widget-container\">\n\t\t\t\t\t<h3 class=\"elementor-heading-title elementor-size-default\">Ne jemi t\u00eb rinj, ambicioz\u00eb, t\u00eb orientuar drejt rritjes \u2013 dhe n\u00eb vend \u00e7do dit\u00eb.<\/h3>\t\t\t\t<\/div>\n\t\t\t\t<\/div>\n\t\t<div class=\"elementor-element elementor-element-ab82582 e-con-full e-flex e-con e-child\" data-id=\"ab82582\" data-element_type=\"container\">\n\t\t<div class=\"elementor-element elementor-element-9b5c045 e-con-full e-flex e-con e-child\" data-id=\"9b5c045\" data-element_type=\"container\">\n\t\t\t\t<div class=\"elementor-element elementor-element-93154b4 elementor-widget elementor-widget-image-box\" data-id=\"93154b4\" data-element_type=\"widget\" data-widget_type=\"image-box.default\">\n\t\t\t\t<div class=\"elementor-widget-container\">\n\t\t\t\t\t<div class=\"elementor-image-box-wrapper\"><div class=\"elementor-image-box-content\"><h3 class=\"elementor-image-box-title\">Behar Mehmeti (B.Eng.)<\/h3><p class=\"elementor-image-box-description\">Gr\u00fcnder &amp; Gesch\u00e4ftsf\u00fchrer\n<\/p><\/div><\/div>\t\t\t\t<\/div>\n\t\t\t\t<\/div>\n\t\t\t\t<\/div>\n\t\t<div class=\"elementor-element elementor-element-8af7bc6 e-con-full e-flex e-con e-child\" data-id=\"8af7bc6\" data-element_type=\"container\">\n\t\t\t\t<div class=\"elementor-element elementor-element-49eea81 elementor-widget elementor-widget-image-box\" data-id=\"49eea81\" data-element_type=\"widget\" data-widget_type=\"image-box.default\">\n\t\t\t\t<div class=\"elementor-widget-container\">\n\t\t\t\t\t<div class=\"elementor-image-box-wrapper\"><div class=\"elementor-image-box-content\"><h3 class=\"elementor-image-box-title\">Driton Mehmeti<\/h3><p class=\"elementor-image-box-description\">Menaxher projekti\n<\/p><\/div><\/div>\t\t\t\t<\/div>\n\t\t\t\t<\/div>\n\t\t\t\t<\/div>\n\t\t\t\t<\/div>\n\t\t\t\t<\/div>\n\t\t\t\t\t<\/div>\n\t\t\t\t<\/div>\n\t\t\t\t<\/div>","protected":false},"excerpt":{"rendered":"<p>\u00dcber uns Zwei Br\u00fcder. Ein Antrieb. Volle Kompetenz. BM TiefBau UG ist ein junges, familiengef\u00fchrtes Unternehmen mit technischer Tiefe und unternehmerischer St\u00e4rke. Gegr\u00fcndet von Behar Mehmeti, einem Bauingenieur mit langj\u00e4hriger Tiefbaupraxis und kaufm\u00e4nnischem Background, vereint das Unternehmen praktisches Baustellenverst\u00e4ndnis mit sauberer Organisation, Projektsteuerung und Dokumentation. Vor der Selbstst\u00e4ndigkeit war Behar als Bauleiter f\u00fcr einen Generalunternehmer [&hellip;]<\/p>","protected":false},"author":1,"featured_media":0,"parent":0,"menu_order":0,"comment_status":"closed","ping_status":"closed","template":"","meta":{"site-sidebar-layout":"no-sidebar","site-content-layout":"page-builder","ast-site-content-layout":"","site-content-style":"default","site-sidebar-style":"default","ast-global-header-display":"","ast-banner-title-visibility":"","ast-main-header-display":"","ast-hfb-above-header-display":"","ast-hfb-below-header-display":"","ast-hfb-mobile-header-display":"","site-post-title":"disabled","ast-breadcrumbs-content":"disabled","ast-featured-img":"disabled","footer-sml-layout":"","theme-transparent-header-meta":"enabled","adv-header-id-meta":"","stick-header-meta":"","header-above-stick-meta":"","header-main-stick-meta":"","header-below-stick-meta":"","astra-migrate-meta-layouts":"default","ast-page-background-enabled":"default","ast-page-background-meta":{"desktop":{"background-color":"var(--ast-global-color-4)","background-image":"","background-repeat":"repeat","background-position":"center center","background-size":"auto","background-attachment":"scroll","background-type":"","background-media":"","overlay-type":"","overlay-color":"","overlay-opacity":"","overlay-gradient":""},"tablet":{"background-color":"","background-image":"","background-repeat":"repeat","background-position":"center center","background-size":"auto","background-attachment":"scroll","background-type":"","background-media":"","overlay-type":"","overlay-color":"","overlay-opacity":"","overlay-gradient":""},"mobile":{"background-color":"","background-image":"","background-repeat":"repeat","background-position":"center center","background-size":"auto","background-attachment":"scroll","background-type":"","background-media":"","overlay-type":"","overlay-color":"","overlay-opacity":"","overlay-gradient":""}},"ast-content-background-meta":{"desktop":{"background-color":"var(--ast-global-color-5)","background-image":"","background-repeat":"repeat","background-position":"center center","background-size":"auto","background-attachment":"scroll","background-type":"","background-media":"","overlay-type":"","overlay-color":"","overlay-opacity":"","overlay-gradient":""},"tablet":{"background-color":"var(--ast-global-color-5)","background-image":"","background-repeat":"repeat","background-position":"center center","background-size":"auto","background-attachment":"scroll","background-type":"","background-media":"","overlay-type":"","overlay-color":"","overlay-opacity":"","overlay-gradient":""},"mobile":{"background-color":"var(--ast-global-color-5)","background-image":"","background-repeat":"repeat","background-position":"center center","background-size":"auto","background-attachment":"scroll","background-type":"","background-media":"","overlay-type":"","overlay-color":"","overlay-opacity":"","overlay-gradient":""}},"footnotes":""},"class_list":["post-309","page","type-page","status-publish","hentry"],"_links":{"self":[{"href":"https:\/\/bmtiefbau.com\/sq\/wp-json\/wp\/v2\/pages\/309","targetHints":{"allow":["GET"]}}],"collection":[{"href":"https:\/\/bmtiefbau.com\/sq\/wp-json\/wp\/v2\/pages"}],"about":[{"href":"https:\/\/bmtiefbau.com\/sq\/wp-json\/wp\/v2\/types\/page"}],"author":[{"embeddable":true,"href":"https:\/\/bmtiefbau.com\/sq\/wp-json\/wp\/v2\/users\/1"}],"replies":[{"embeddable":true,"href":"https:\/\/bmtiefbau.com\/sq\/wp-json\/wp\/v2\/comments?post=309"}],"version-history":[{"count":55,"href":"https:\/\/bmtiefbau.com\/sq\/wp-json\/wp\/v2\/pages\/309\/revisions"}],"predecessor-version":[{"id":1320,"href":"https:\/\/bmtiefbau.com\/sq\/wp-json\/wp\/v2\/pages\/309\/revisions\/1320"}],"wp:attachment":[{"href":"https:\/\/bmtiefbau.com\/sq\/wp-json\/wp\/v2\/media?parent=309"}],"curies":[{"name":"wp","href":"https:\/\/api.w.org\/{rel}","templated":true}]}}